{"id":228,"date":"2013-09-05T13:32:57","date_gmt":"2013-09-05T10:32:57","guid":{"rendered":"http:\/\/mfaa.abo.fi\/news\/?page_id=228"},"modified":"2025-11-28T14:38:45","modified_gmt":"2025-11-28T12:38:45","slug":"personalnytt-staff-news","status":"publish","type":"page","link":"https:\/\/mfaa.abo.fi\/news\/","title":{"rendered":"Personalnytt | Staff News"},"content":{"rendered":"<div>\n<h3><span style=\"color: #000000;\"><strong>V\u00e4lkommen till Personalnytt!<\/strong><\/span><\/h3>\n<\/div>\n<p><span style=\"color: #000000;\">F\u00f6r att underl\u00e4tta den interna informationsg\u00e5ngen f\u00e5r forskare och personal vid \u00c5bo Akademi<br \/>\n<\/span><span style=\"color: #000000;\">nyhetsbrevet <em>Personalnytt<\/em> varje fredag under l\u00e4s\u00e5ret.<\/span><\/p>\n<p><span style=\"color: #000000;\">Om du har n\u00e5got du denna v\u00e4g vill meddela kollegiet ska du l\u00e4gga upp materialet p\u00e5 svenska och engelska p\u00e5 n\u00e4tet, samt skicka redaktionen en l\u00e4nk och n\u00e5gra meningar text som ber\u00e4ttar vad det handlar om. Feedback och material skickas per e-post till:\u00a0<\/span><a href=\"mailto:meddelanden@abo.fi\">meddelanden@abo.fi<\/a>. <span style=\"color: #000000;\">Skriv &#8221;Personalnytt&#8221; i \u00e4mnesraden.<\/span><\/p>\n<p><span style=\"color: #000000;\">Planerade utskick 2025 (deadline f\u00f6reg\u00e5ende m\u00e5ndag):<br \/>\n17.1 \u2013 6.6 \/ 15.8 \u2013 12.12<\/span><\/p>\n<p><strong>2026<\/strong>: 9.1 \u2013 12.6 \/ 14.8 \u2013 11.12<\/p>\n<div>\n<h3><span style=\"color: #000000;\"><strong>Welcome to Staff News!<\/strong><\/span><\/h3>\n<\/div>\n<p><span style=\"color: #000000;\">In order to improve the flow of internal information the e-mail newsletter <em>Staff News <\/em>will be sent to researchers and staff at \u00c5bo Akademi University every Friday during the academic year.<\/span><\/p>\n<p><span style=\"color: #000000;\">If you wish to share information through this channel the first thing you need to do is add the content on the \u00c5A-web in Swedish and English. Having done that, please send through e-mail the web link and a few lines of text explaining what you wish to communicate to:\u00a0<a href=\"mailto:meddelanden@abo.fi\">meddelanden@abo.fi<\/a>. Write &#8221;Staff News&#8221; in the subject line.<\/span><\/p>\n<p><span style=\"color: #000000;\">Scheduled publishing dates for 2025 (deadline on the previous Monday):<br \/>\n17.1 \u2013 6.6 \/ 15.8 \u2013 12.12<br \/>\n<\/span><\/p>\n<p><strong>2026<\/strong>: 9.1 \u2013 12.6 \/ 14.8 \u2013 11.12<\/p>\n","protected":false},"excerpt":{"rendered":"<p>V\u00e4lkommen till Personalnytt! F\u00f6r att underl\u00e4tta den interna informationsg\u00e5ngen f\u00e5r forskare och personal vid \u00c5bo Akademi nyhetsbrevet Personalnytt varje fredag under l\u00e4s\u00e5ret. Om du har n\u00e5got du denna v\u00e4g vill meddela kollegiet ska du l\u00e4gga upp materialet p\u00e5 svenska och engelska p\u00e5 n\u00e4tet, samt skicka redaktionen en l\u00e4nk och n\u00e5gra meningar text som ber\u00e4ttar vad [&hellip;]<\/p>\n","protected":false},"author":6,"featured_media":0,"parent":0,"menu_order":0,"comment_status":"closed","ping_status":"closed","template":"","meta":{"footnotes":""},"class_list":["post-228","page","type-page","status-publish","hentry"],"_links":{"self":[{"href":"https:\/\/mfaa.abo.fi\/news\/wp-json\/wp\/v2\/pages\/228","targetHints":{"allow":["GET"]}}],"collection":[{"href":"https:\/\/mfaa.abo.fi\/news\/wp-json\/wp\/v2\/pages"}],"about":[{"href":"https:\/\/mfaa.abo.fi\/news\/wp-json\/wp\/v2\/types\/page"}],"author":[{"embeddable":true,"href":"https:\/\/mfaa.abo.fi\/news\/wp-json\/wp\/v2\/users\/6"}],"replies":[{"embeddable":true,"href":"https:\/\/mfaa.abo.fi\/news\/wp-json\/wp\/v2\/comments?post=228"}],"version-history":[{"count":45,"href":"https:\/\/mfaa.abo.fi\/news\/wp-json\/wp\/v2\/pages\/228\/revisions"}],"predecessor-version":[{"id":6724,"href":"https:\/\/mfaa.abo.fi\/news\/wp-json\/wp\/v2\/pages\/228\/revisions\/6724"}],"wp:attachment":[{"href":"https:\/\/mfaa.abo.fi\/news\/wp-json\/wp\/v2\/media?parent=228"}],"curies":[{"name":"wp","href":"https:\/\/api.w.org\/{rel}","templated":true}]}}